{"id":234,"date":"2017-10-26T08:47:03","date_gmt":"2017-10-26T08:47:03","guid":{"rendered":"http:\/\/dev-gln.younik.pt\/?page_id=234"},"modified":"2020-03-16T12:38:20","modified_gmt":"2020-03-16T12:38:20","slug":"home","status":"publish","type":"page","link":"https:\/\/famolde.pt\/fr\/","title":{"rendered":"Home-GLN"},"content":{"rendered":"<p>[vc_row padding_top_multiplier=\u00a0\u00bb\u00a0\u00bb padding_bottom_multiplier=\u00a0\u00bb\u00a0\u00bb columns_gap=\u00a0\u00bbnone\u00a0\u00bb][vc_column][rev_slider_vc alias=\u00a0\u00bbgln-home\u00a0\u00bb][\/vc_column][\/vc_row][vc_row padding_top_multiplier=\u00a0\u00bb4x\u00a0\u00bb padding_bottom_multiplier=\u00a0\u00bb4x\u00a0\u00bb][vc_column]<h2 class=\"grve-element grve-title grve-align-center grve-h2 h2-strong\" style=\"\"><span>Bienvenue \u00e0 GLN<\/span><\/h2>[vc_column_text text_style=\u00a0\u00bbleader-text\u00a0\u00bb animation=\u00a0\u00bbgrve-fade-in-up\u00a0\u00bb css=\u00a0\u00bb.vc_custom_1568908944075{padding-right: 3vw !important;padding-left: 3vw !important;}\u00a0\u00bb]<\/p>\n<p style=\"text-align: center;\">Des d\u00e9cennies d\u2019exp\u00e9rience dans la production et l\u2019innovation technologique constante nous d\u00e9finissent comme une soci\u00e9t\u00e9 dynamique.<br \/>\nNotre ambition est d\u2019\u00eatre une entreprise mondiale et le leader de notre secteur d\u2019activit\u00e9, tant dans les moules techniques de haute pr\u00e9cision et performance que dans l\u2019injection \u00e0 plus forte valeur ajout\u00e9e, en d\u00e9passant les attentes de nos clients.<br \/>\n<strong>Nous sommes passionn\u00e9s par notre travail et par le fait d\u2019offrir le maximum \u00e0 nos clients.<\/strong><\/p>\n<p>[\/vc_column_text]<div class=\"grve-empty-space grve-height-1x\" style=\"\"><\/div><div class=\"grve-element grve-align-center\"><a href=\"\/about-famolde\/\" class=\"grve-btn grve-btn-medium grve-square grve-bg-primary-1 grve-bg-hover-primary-2 btn-gln-cor\"><span>Au sujet de Famolde<\/span><\/a><\/div>[\/vc_column][\/vc_row][vc_row heading_color=\u00a0\u00bblight\u00a0\u00bb section_type=\u00a0\u00bbfullwidth\u00a0\u00bb bg_type=\u00a0\u00bbcolor\u00a0\u00bb padding_top_multiplier=\u00a0\u00bb\u00a0\u00bb padding_bottom_multiplier=\u00a0\u00bb\u00a0\u00bb columns_gap=\u00a0\u00bbnone\u00a0\u00bb equal_column_height=\u00a0\u00bbequal-column\u00a0\u00bb section_id=\u00a0\u00bbmercados-glnmolds\u00a0\u00bb margin_bottom=\u00a0\u00bb120px\u00a0\u00bb][vc_column el_id=\u00a0\u00bbmercados-col\u00a0\u00bb]<div class=\"grve-element grve-flexible-carousel grve-carousel grve-layout-1 grve-carousel-pagination-1\" style=\"\"><div class=\"grve-carousel-wrapper\">\t<div class=\"grve-flexible-carousel-element mercadosCarrosel\" data-items=\"3\" data-items-tablet-landscape=\"3\" data-items-tablet-portrait=\"2\" data-items-mobile=\"1\" data-slider-autoplay=\"no\" data-slider-speed=\"3000\" data-slider-pause=\"no\" data-pagination-speed=\"400\" data-pagination=\"yes\" data-slider-autoheight=\"no\"><div class=\"grve-element grve-image grve-hover-item grve-hover-style-5 grve-full-image\" style=\"\">  <div class=\"grve-image-wrapper\"><figure class=\"grve-image-hover grve-media grve-zoom-none\"><a class=\"grve-item-url\" href=\"\/portfolio\/?cat=electric\"><\/a><div class=\"grve-bg-primary-1 grve-hover-overlay  grve-opacity-90\"><\/div><img loading=\"lazy\" decoding=\"async\" width=\"560\" height=\"560\" src=\"https:\/\/famolde.pt\/wp-content\/uploads\/famolde-Mercados-Electrical-min-1-560x560.jpg\" class=\"\" alt=\"\" srcset=\"https:\/\/famolde.pt\/wp-content\/uploads\/famolde-Mercados-Electrical-min-1-560x560.jpg 560w, https:\/\/famolde.pt\/wp-content\/uploads\/famolde-Mercados-Electrical-min-1-150x150.jpg 150w, https:\/\/famolde.pt\/wp-content\/uploads\/famolde-Mercados-Electrical-min-1-80x80.jpg 80w\" sizes=\"auto, (max-width: 560px) 100vw, 560px\" \/><figcaption class=\"grve-content grve-align-center grve-box-item grve-bg-white\"><h3 class=\"grve-title grve-h3 grve-text-black\">\u00c9lectricit\u00e9<\/h3><\/figcaption><\/figure>   <\/div><\/div><div class=\"grve-element grve-image grve-hover-item grve-hover-style-5 grve-full-image\" style=\"\">  <div class=\"grve-image-wrapper\"><figure class=\"grve-image-hover grve-media grve-zoom-none\"><a class=\"grve-item-url\" href=\"\/portfolio\/?cat=electronics\"><\/a><div class=\"grve-bg-primary-1 grve-hover-overlay  grve-opacity-90\"><\/div><img loading=\"lazy\" decoding=\"async\" width=\"560\" height=\"560\" src=\"https:\/\/famolde.pt\/wp-content\/uploads\/famolde-Mercados-Electronic-min-1-560x560.jpg\" class=\"\" alt=\"\" srcset=\"https:\/\/famolde.pt\/wp-content\/uploads\/famolde-Mercados-Electronic-min-1-560x560.jpg 560w, https:\/\/famolde.pt\/wp-content\/uploads\/famolde-Mercados-Electronic-min-1-150x150.jpg 150w, https:\/\/famolde.pt\/wp-content\/uploads\/famolde-Mercados-Electronic-min-1-80x80.jpg 80w\" sizes=\"auto, (max-width: 560px) 100vw, 560px\" \/><figcaption class=\"grve-content grve-align-center grve-box-item grve-bg-white\"><h3 class=\"grve-title grve-h3 grve-text-black\">\u00c9lectronique<\/h3><\/figcaption><\/figure>   <\/div><\/div><div class=\"grve-element grve-image grve-hover-item grve-hover-style-5 grve-full-image\" style=\"\">  <div class=\"grve-image-wrapper\"><figure class=\"grve-image-hover grve-media grve-zoom-none\"><a class=\"grve-item-url\" href=\"\/portfolio\/?cat=automotive\"><\/a><div class=\"grve-bg-primary-1 grve-hover-overlay  grve-opacity-90\"><\/div><img loading=\"lazy\" decoding=\"async\" width=\"560\" height=\"560\" src=\"https:\/\/famolde.pt\/wp-content\/uploads\/famolde-Mercados-automotive-min-1-560x560.jpg\" class=\"\" alt=\"\" srcset=\"https:\/\/famolde.pt\/wp-content\/uploads\/famolde-Mercados-automotive-min-1-560x560.jpg 560w, https:\/\/famolde.pt\/wp-content\/uploads\/famolde-Mercados-automotive-min-1-150x150.jpg 150w, https:\/\/famolde.pt\/wp-content\/uploads\/famolde-Mercados-automotive-min-1-80x80.jpg 80w\" sizes=\"auto, (max-width: 560px) 100vw, 560px\" \/><figcaption class=\"grve-content grve-align-center grve-box-item grve-bg-white\"><h3 class=\"grve-title grve-h3 grve-text-black\">Automobile<\/h3><\/figcaption><\/figure>   <\/div><\/div>\t<\/div>  <\/div><\/div>[\/vc_column][\/vc_row][vc_row heading_color=\u00a0\u00bblight\u00a0\u00bb bg_type=\u00a0\u00bbimage\u00a0\u00bb bg_image=\u00a0\u00bb17574&Prime; bg_image_type=\u00a0\u00bbfixed\u00a0\u00bb padding_top_multiplier=\u00a0\u00bb\u00a0\u00bb padding_bottom_multiplier=\u00a0\u00bb\u00a0\u00bb][vc_column]<div class=\"grve-empty-space\" style=\"height: 20vh;\"><\/div><h2 class=\"grve-element grve-title grve-align-center grve-animated-item grve-duration-normal grve-fade-in-up grve-h1 grve-increase-heading grve-heading-140\" style=\"\" data-delay=\"200\"><span>One Stop Shop<\/span><\/h2><h3 class=\"grve-element grve-title grve-align-center grve-animated-item grve-duration-normal grve-fade-in-up grve-h4 grve-increase-heading grve-heading-140\" style=\"\" data-delay=\"200\"><span>MOLDS &amp; INJECTION<\/span><\/h3><div class=\"grve-empty-space grve-height-2x\" style=\"\"><\/div><div class=\"grve-element grve-image grve-grayscale-image-hover grve-align-center\" style=\"\">  <div class=\"grve-image-wrapper\"><img loading=\"lazy\" decoding=\"async\" width=\"1987\" height=\"422\" src=\"https:\/\/famolde.pt\/wp-content\/uploads\/One-Stop-Shop-02-35.png\" class=\"attachment-full size-full\" alt=\"\" srcset=\"https:\/\/famolde.pt\/wp-content\/uploads\/One-Stop-Shop-02-35.png 1987w, https:\/\/famolde.pt\/wp-content\/uploads\/One-Stop-Shop-02-35-300x64.png 300w, https:\/\/famolde.pt\/wp-content\/uploads\/One-Stop-Shop-02-35-768x163.png 768w, https:\/\/famolde.pt\/wp-content\/uploads\/One-Stop-Shop-02-35-1024x217.png 1024w, https:\/\/famolde.pt\/wp-content\/uploads\/One-Stop-Shop-02-35-1920x408.png 1920w\" sizes=\"auto, (max-width: 1987px) 100vw, 1987px\" \/>   <\/div><\/div><div class=\"grve-empty-space\" style=\"height: 20vh;\"><\/div>[\/vc_column][\/vc_row][vc_row bg_type=\u00a0\u00bbcolor\u00a0\u00bb padding_top_multiplier=\u00a0\u00bbcustom\u00a0\u00bb padding_bottom_multiplier=\u00a0\u00bbcustom\u00a0\u00bb columns_gap=\u00a0\u00bbnone\u00a0\u00bb padding_top=\u00a0\u00bb120&Prime; padding_bottom=\u00a0\u00bb120&Prime; section_id=\u00a0\u00bbnewsRow\u00a0\u00bb][vc_column]<h2 class=\"grve-element grve-title grve-align-center grve-animated-item grve-duration-normal grve-fade-in-up grve-h2\" style=\"\" data-delay=\"200\"><span>Actualit\u00e9s<\/span><\/h2><div class=\"grve-empty-space grve-height-2x\" style=\"\"><\/div>\t\t<div class=\"grve-element grve-blog grve-blog-columns grve-blog-grid grve-isotope grve-with-gap\" style=\"\" data-columns=\"2\" data-columns-large-screen=\"2\" data-columns-tablet-landscape=\"2\" data-columns-tablet-portrait=\"2\" data-columns-mobile=\"1\" data-layout=\"fitRows\" data-spinner=\"no\" data-gutter-size=\"40\">\r\n\t\t\t<div class=\"grve-isotope-container\">\r\n\t\t\t<article class=\"grve-blog-item grve-isotope-item post-17867 post type-post status-publish format-standard has-post-thumbnail hentry category-info\" itemscope itemType=\"http:\/\/schema.org\/BlogPosting\">\r\n\t\t\t\t<div class=\"grve-blog-item-inner grve-isotope-item-inner grve-fade-in-up\">\r\n\t\t\t\t\t\t\t\t\t\t\t\t\t<div class=\"grve-media\">\r\n\t\t\t<a class=\"grve-item-url\" href=\"https:\/\/famolde.pt\/fr\/projetos-autonomos-de-formacao\/\"><\/a>\r\n\t\t\t<img loading=\"lazy\" decoding=\"async\" width=\"768\" height=\"432\" src=\"https:\/\/famolde.pt\/wp-content\/uploads\/Logotipos-PAF_website-GLN-768x432.png\" class=\"attachment-medium_large size-medium_large wp-post-image\" alt=\"Projetos Aut\u00f3nomos de Forma\u00e7\u00e3o\" srcset=\"https:\/\/famolde.pt\/wp-content\/uploads\/Logotipos-PAF_website-GLN-768x432.png 768w, https:\/\/famolde.pt\/wp-content\/uploads\/Logotipos-PAF_website-GLN-300x169.png 300w, https:\/\/famolde.pt\/wp-content\/uploads\/Logotipos-PAF_website-GLN-1024x576.png 1024w, https:\/\/famolde.pt\/wp-content\/uploads\/Logotipos-PAF_website-GLN-1536x864.png 1536w, https:\/\/famolde.pt\/wp-content\/uploads\/Logotipos-PAF_website-GLN-1170x658.png 1170w, https:\/\/famolde.pt\/wp-content\/uploads\/Logotipos-PAF_website-GLN.png 1600w\" sizes=\"auto, (max-width: 768px) 100vw, 768px\" \/>\t\t\t<div class=\"grve-bg-black grve-hover-overlay grve-opacity-10\"><\/div>\r\n\t\t<\/div>\r\n\t\t\t\t\t\t<div class=\"grve-post-content-wrapper\">\r\n\t\t\t\t\t\t\t<div class=\"grve-post-content\">\r\n\t\t\t\t\t\t\t\t<div class=\"grve-post-header\">\r\n\t\t\t\t\t\t\t\t\t\t\t\t\t\t\t\t\t\t\t\t<span class=\"grve-hidden\">\r\n\t\t\t<span class=\"grve-structured-data entry-title\">Projets Autonomes de Formation<\/span>\r\n\t\t\t<span class=\"grve-structured-data\" itemprop=\"image\" itemscope itemtype=\"http:\/\/schema.org\/ImageObject\">\r\n\t\t\t   <span itemprop='url' >https:\/\/famolde.pt\/wp-content\/uploads\/Logotipos-PAF_website-GLN.png<\/span>\r\n\t\t\t   <span itemprop='height' >1600<\/span>\r\n\t\t\t   <span itemprop='width' >900<\/span>\r\n\t\t\t<\/span>\r\n\t\t\t\t\t\t<span class=\"grve-structured-data vcard author\" itemprop=\"author\" itemscope itemtype=\"http:\/\/schema.org\/Person\">\r\n\t\t\t\t<span itemprop=\"name\" class=\"fn\">Famolde<\/span>\r\n\t\t\t<\/span>\r\n\t\t\t<span class=\"grve-structured-data\" itemprop=\"publisher\" itemscope itemtype=\"http:\/\/schema.org\/Organization\">\r\n\t\t\t\t<span itemprop='name'>Famolde<\/span>\r\n\t\t\t\t<span itemprop='logo' itemscope itemtype='http:\/\/schema.org\/ImageObject'>\r\n\t\t\t\t\t<span itemprop='url'>https:\/\/famolde.pt\/wp-content\/uploads\/Logotipos-PAF_website-GLN.png<\/span>\r\n\t\t\t\t<\/span>\r\n\t\t\t<\/span>\r\n\t\t\t\t\t\t<time class=\"grve-structured-data date published\" itemprop=\"datePublished\" datetime=\"2022-01-25T12:32:32+00:00\">2022-01-25<\/time>\r\n\t\t\t<time class=\"grve-structured-data date updated\" itemprop=\"dateModified\"  datetime=\"2024-02-01T14:28:00+00:00\">2024-02-01<\/time>\r\n\t\t\t<span class=\"grve-structured-data\" itemprop=\"mainEntityOfPage\" itemscope itemtype=\"http:\/\/schema.org\/WebPage\" itemid=\"https:\/\/famolde.pt\/fr\/projetos-autonomos-de-formacao\/\"><\/span>\r\n\t\t<\/span>\r\n\t\t\t\t\t\t\t\t\t\t\t\t\t\t\t\t\t\t\t\t<ul class=\"grve-post-meta\">\r\n\t\t\t\t\t\t\t\t\t\t<li class=\"grve-post-date\">\t<time class=\"\" datetime=\"2022-01-25T12:32:32+00:00\">\r\n\t\t2022-01-25\t<\/time>\r\n<\/li>\t\t\t\t\t\t\t\t\t\t<\/ul>\r\n\t\t\t\t\t\t\t\t\t\t\t\t\t\t\t\t\t\t<a href=\"https:\/\/famolde.pt\/fr\/projetos-autonomos-de-formacao\/\" rel=\"bookmark\"><h2 class=\"grve-post-title grve-post-title-hover grve-h4\" itemprop=\"name headline\">Projets Autonomes de Formation<\/h2><\/a>\t\t\t\t\t\t\t\t<\/div>\r\n\t\t\t\t\t\t\t\t<div itemprop=\"articleBody\"><p>[vc_row][vc_column][vc_column_text]FAMOLDE, S.A. a particip\u00e9 \u00e0 un projet intitul\u00e9 : \u00abProjetos Aut\u00f3nomos de Forma\u00e7\u00e3o\u00bb, dont l&rsquo;objectif principal \u00e9tait d&rsquo;augmenter les qualifications et la comp\u00e9titivit\u00e9 de l&rsquo;entreprise. Les subventions et les investissements\u2026<\/p><a class=\"grve-read-more grve-link-text grve-heading-color grve-text-hover-primary-1\" href=\"https:\/\/famolde.pt\/fr\/projetos-autonomos-de-formacao\/\"><span>lire plus<\/span><\/a><\/div>\t\t\t\t\t\t\t<\/div>\r\n\t\t\t\t\t\t<\/div>\r\n\t\t\t\t\t\r\n\t\t\t\t<\/div>\t\t\t<\/article>\r\n\r\n\t\t\t<article class=\"grve-blog-item grve-isotope-item post-17846 post type-post status-publish format-standard has-post-thumbnail hentry category-editorial\" itemscope itemType=\"http:\/\/schema.org\/BlogPosting\">\r\n\t\t\t\t<div class=\"grve-blog-item-inner grve-isotope-item-inner grve-fade-in-up\">\r\n\t\t\t\t\t\t\t\t\t\t\t\t\t<div class=\"grve-media\">\r\n\t\t\t<a class=\"grve-item-url\" href=\"https:\/\/famolde.pt\/fr\/estatuto-inovadora-cotec-2021\/\"><\/a>\r\n\t\t\t<img loading=\"lazy\" decoding=\"async\" width=\"768\" height=\"432\" src=\"https:\/\/famolde.pt\/wp-content\/uploads\/imagem-de-fundo-noticia-cotec-768x432.jpg\" class=\"attachment-medium_large size-medium_large wp-post-image\" alt=\"Famolde e GLN Plast Inovadora Cotec 2021\" srcset=\"https:\/\/famolde.pt\/wp-content\/uploads\/imagem-de-fundo-noticia-cotec-768x432.jpg 768w, https:\/\/famolde.pt\/wp-content\/uploads\/imagem-de-fundo-noticia-cotec-300x169.jpg 300w, https:\/\/famolde.pt\/wp-content\/uploads\/imagem-de-fundo-noticia-cotec-1024x576.jpg 1024w, https:\/\/famolde.pt\/wp-content\/uploads\/imagem-de-fundo-noticia-cotec-1536x864.jpg 1536w, https:\/\/famolde.pt\/wp-content\/uploads\/imagem-de-fundo-noticia-cotec-1170x658.jpg 1170w, https:\/\/famolde.pt\/wp-content\/uploads\/imagem-de-fundo-noticia-cotec.jpg 1600w\" sizes=\"auto, (max-width: 768px) 100vw, 768px\" \/>\t\t\t<div class=\"grve-bg-black grve-hover-overlay grve-opacity-10\"><\/div>\r\n\t\t<\/div>\r\n\t\t\t\t\t\t<div class=\"grve-post-content-wrapper\">\r\n\t\t\t\t\t\t\t<div class=\"grve-post-content\">\r\n\t\t\t\t\t\t\t\t<div class=\"grve-post-header\">\r\n\t\t\t\t\t\t\t\t\t\t\t\t\t\t\t\t\t\t\t\t<span class=\"grve-hidden\">\r\n\t\t\t<span class=\"grve-structured-data entry-title\">Distinction INOVADORA COTEC 2021<\/span>\r\n\t\t\t<span class=\"grve-structured-data\" itemprop=\"image\" itemscope itemtype=\"http:\/\/schema.org\/ImageObject\">\r\n\t\t\t   <span itemprop='url' >https:\/\/famolde.pt\/wp-content\/uploads\/imagem-de-fundo-noticia-cotec.jpg<\/span>\r\n\t\t\t   <span itemprop='height' >1600<\/span>\r\n\t\t\t   <span itemprop='width' >900<\/span>\r\n\t\t\t<\/span>\r\n\t\t\t\t\t\t<span class=\"grve-structured-data vcard author\" itemprop=\"author\" itemscope itemtype=\"http:\/\/schema.org\/Person\">\r\n\t\t\t\t<span itemprop=\"name\" class=\"fn\">Famolde<\/span>\r\n\t\t\t<\/span>\r\n\t\t\t<span class=\"grve-structured-data\" itemprop=\"publisher\" itemscope itemtype=\"http:\/\/schema.org\/Organization\">\r\n\t\t\t\t<span itemprop='name'>Famolde<\/span>\r\n\t\t\t\t<span itemprop='logo' itemscope itemtype='http:\/\/schema.org\/ImageObject'>\r\n\t\t\t\t\t<span itemprop='url'>https:\/\/famolde.pt\/wp-content\/uploads\/imagem-de-fundo-noticia-cotec.jpg<\/span>\r\n\t\t\t\t<\/span>\r\n\t\t\t<\/span>\r\n\t\t\t\t\t\t<time class=\"grve-structured-data date published\" itemprop=\"datePublished\" datetime=\"2021-08-30T16:20:02+00:00\">2021-08-30<\/time>\r\n\t\t\t<time class=\"grve-structured-data date updated\" itemprop=\"dateModified\"  datetime=\"2021-08-30T16:20:02+00:00\">2021-08-30<\/time>\r\n\t\t\t<span class=\"grve-structured-data\" itemprop=\"mainEntityOfPage\" itemscope itemtype=\"http:\/\/schema.org\/WebPage\" itemid=\"https:\/\/famolde.pt\/fr\/estatuto-inovadora-cotec-2021\/\"><\/span>\r\n\t\t<\/span>\r\n\t\t\t\t\t\t\t\t\t\t\t\t\t\t\t\t\t\t\t\t<ul class=\"grve-post-meta\">\r\n\t\t\t\t\t\t\t\t\t\t<li class=\"grve-post-date\">\t<time class=\"\" datetime=\"2021-08-30T16:20:02+00:00\">\r\n\t\t2021-08-30\t<\/time>\r\n<\/li>\t\t\t\t\t\t\t\t\t\t<\/ul>\r\n\t\t\t\t\t\t\t\t\t\t\t\t\t\t\t\t\t\t<a href=\"https:\/\/famolde.pt\/fr\/estatuto-inovadora-cotec-2021\/\" rel=\"bookmark\"><h2 class=\"grve-post-title grve-post-title-hover grve-h4\" itemprop=\"name headline\">Distinction INOVADORA COTEC 2021<\/h2><\/a>\t\t\t\t\t\t\t\t<\/div>\r\n\t\t\t\t\t\t\t\t<div itemprop=\"articleBody\"><p>Cotec Portugal distingue deux des soci\u00e9t\u00e9s du groupe GLN avec la distinction \u00ab\u00a0INOVADORA COTEC 2021. Ce label vise \u00e0 promouvoir la reconnaissance publique des entreprises qui, par leurs performances innovatrices,\u2026<\/p><a class=\"grve-read-more grve-link-text grve-heading-color grve-text-hover-primary-1\" href=\"https:\/\/famolde.pt\/fr\/estatuto-inovadora-cotec-2021\/\"><span>lire plus<\/span><\/a><\/div>\t\t\t\t\t\t\t<\/div>\r\n\t\t\t\t\t\t<\/div>\r\n\t\t\t\t\t\r\n\t\t\t\t<\/div>\t\t\t<\/article>\r\n\r\n\t\t\t<\/div>\r\n\t\t<\/div>\r\n[\/vc_column][\/vc_row][vc_row padding_top_multiplier=\u00a0\u00bb\u00a0\u00bb padding_bottom_multiplier=\u00a0\u00bb\u00a0\u00bb][vc_column][vc_raw_js]JTNDc2NyaXB0JTIwdHlwZSUzRCUyMnRleHQlMkZqYXZhc2NyaXB0JTIyJTNFJTBBd2luZG93Lm9ubG9hZCUyMCUzRCUyMGZ1bmN0aW9uJTI4JTI5JTIwJTdCJTBBJTA5dmFyJTIwbWVyY2FkbyUyMCUzRCUyMGRvY3VtZW50LnF1ZXJ5U2VsZWN0b3JBbGwlMjglMjIubWVyY2Fkb3NDYXJyb3NlbCUyMGRpdi5ncnZlLWJnLXByaW1hcnktMS5ncnZlLWhvdmVyLW92ZXJsYXklMjIlMjklM0IlMEElMDl2YXIlMjBpJTNCJTBBJTA5Zm9yJTIwJTI4aSUyMCUzRCUyMDAlM0IlMjBpJTIwJTNDJTIwbWVyY2Fkby5sZW5ndGglM0IlMjBpJTJCJTJCJTI5JTIwJTdCJTBBJTA5JTIwJTIwJTIwJTIwbWVyY2FkbyU1QmklNUQuaW5uZXJIVE1MJTIwJTNEJTIwJTI3JTNDaW1nJTIwY2xhc3MlM0QlMjJtZXJjYWRvcy1ob3ZlciUyMiUyMHNyYyUzRCUyMiUyRndwLWNvbnRlbnQlMkZ1cGxvYWRzJTJGbG9nby10cmFjZWoucG5nJTIyJTNFJTI3JTNCJTBBJTA5JTdEJTBBJTdEJTNCJTBBJTNDJTJGc2NyaXB0JTNFJTIw[\/vc_raw_js][\/vc_column][\/vc_row]<\/p>","protected":false},"excerpt":{"rendered":"<p>[vc_row padding_top_multiplier=\u00a0\u00bb\u00a0\u00bb padding_bottom_multiplier=\u00a0\u00bb\u00a0\u00bb columns_gap=\u00a0\u00bbnone\u00a0\u00bb][vc_column][rev_slider_vc alias=\u00a0\u00bbgln-home\u00a0\u00bb][\/vc_column][\/vc_row][vc_row padding_top_multiplier=\u00a0\u00bb4x\u00a0\u00bb padding_bottom_multiplier=\u00a0\u00bb4x\u00a0\u00bb][vc_column][vc_column_text text_style=\u00a0\u00bbleader-text\u00a0\u00bb animation=\u00a0\u00bbgrve-fade-in-up\u00a0\u00bb css=\u00a0\u00bb.vc_custom_1568908944075{padding-right: 3vw !important;padding-left: 3vw !important;}\u00a0\u00bb] Des d\u00e9cennies d\u2019exp\u00e9rience dans la production et l\u2019innovation technologique constante nous d\u00e9finissent comme une soci\u00e9t\u00e9 dynamique. Notre ambition est d\u2019\u00eatre une entreprise mondiale et le leader de notre secteur d\u2019activit\u00e9, tant dans les moules techniques de haute pr\u00e9cision et performance que [&hellip;]<\/p>\n","protected":false},"author":1,"featured_media":0,"parent":0,"menu_order":0,"comment_status":"closed","ping_status":"closed","template":"","meta":{"footnotes":""},"class_list":["post-234","page","type-page","status-publish","hentry"],"yoast_head":"<!-- This site is optimized with the Yoast SEO plugin v18.5.1 - https:\/\/yoast.com\/wordpress\/plugins\/seo\/ -->\n<title>Home-GLN - Famolde<\/title>\n<meta name=\"robots\" content=\"index, follow, max-snippet:-1, max-image-preview:large, max-video-preview:-1\" \/>\n<link rel=\"canonical\" href=\"https:\/\/famolde.pt\/es\/\" \/>\n<meta property=\"og:locale\" content=\"fr_FR\" \/>\n<meta property=\"og:type\" content=\"article\" \/>\n<meta property=\"og:title\" content=\"Home-GLN - Famolde\" \/>\n<meta property=\"og:description\" content=\"[vc_row padding_top_multiplier=\u00a0\u00bb\u00a0\u00bb padding_bottom_multiplier=\u00a0\u00bb\u00a0\u00bb columns_gap=\u00a0\u00bbnone\u00a0\u00bb][vc_column][rev_slider_vc alias=\u00a0\u00bbgln-home\u00a0\u00bb][\/vc_column][\/vc_row][vc_row padding_top_multiplier=\u00a0\u00bb4x\u00a0\u00bb padding_bottom_multiplier=\u00a0\u00bb4x\u00a0\u00bb][vc_column][vc_column_text text_style=\u00a0\u00bbleader-text\u00a0\u00bb animation=\u00a0\u00bbgrve-fade-in-up\u00a0\u00bb css=\u00a0\u00bb.vc_custom_1568908944075{padding-right: 3vw !important;padding-left: 3vw !important;}\u00a0\u00bb] Des d\u00e9cennies d\u2019exp\u00e9rience dans la production et l\u2019innovation technologique constante nous d\u00e9finissent comme une soci\u00e9t\u00e9 dynamique. Notre ambition est d\u2019\u00eatre une entreprise mondiale et le leader de notre secteur d\u2019activit\u00e9, tant dans les moules techniques de haute pr\u00e9cision et performance que [&hellip;]\" \/>\n<meta property=\"og:url\" content=\"https:\/\/famolde.pt\/es\/\" \/>\n<meta property=\"og:site_name\" content=\"Famolde\" \/>\n<meta property=\"article:modified_time\" content=\"2020-03-16T12:38:20+00:00\" \/>\n<meta name=\"twitter:card\" content=\"summary_large_image\" \/>\n<meta name=\"twitter:label1\" content=\"Dur\u00e9e de lecture estim\u00e9e\" \/>\n\t<meta name=\"twitter:data1\" content=\"15 minutes\" \/>\n<script type=\"application\/ld+json\" class=\"yoast-schema-graph\">{\"@context\":\"https:\/\/schema.org\",\"@graph\":[{\"@type\":\"WebSite\",\"@id\":\"https:\/\/famolde.pt\/es\/#website\",\"url\":\"https:\/\/famolde.pt\/es\/\",\"name\":\"Famolde\",\"description\":\"Molding the Future\",\"potentialAction\":[{\"@type\":\"SearchAction\",\"target\":{\"@type\":\"EntryPoint\",\"urlTemplate\":\"https:\/\/famolde.pt\/es\/?s={search_term_string}\"},\"query-input\":\"required name=search_term_string\"}],\"inLanguage\":\"fr-FR\"},{\"@type\":\"WebPage\",\"@id\":\"https:\/\/famolde.pt\/es\/#webpage\",\"url\":\"https:\/\/famolde.pt\/es\/\",\"name\":\"Home-GLN - Famolde\",\"isPartOf\":{\"@id\":\"https:\/\/famolde.pt\/es\/#website\"},\"datePublished\":\"2017-10-26T08:47:03+00:00\",\"dateModified\":\"2020-03-16T12:38:20+00:00\",\"breadcrumb\":{\"@id\":\"https:\/\/famolde.pt\/es\/#breadcrumb\"},\"inLanguage\":\"fr-FR\",\"potentialAction\":[{\"@type\":\"ReadAction\",\"target\":[\"https:\/\/famolde.pt\/es\/\"]}]},{\"@type\":\"BreadcrumbList\",\"@id\":\"https:\/\/famolde.pt\/es\/#breadcrumb\",\"itemListElement\":[{\"@type\":\"ListItem\",\"position\":1,\"name\":\"In\u00edcio\",\"item\":\"https:\/\/famolde.pt\/es\/\"},{\"@type\":\"ListItem\",\"position\":2,\"name\":\"Home-GLN\"}]}]}<\/script>\n<!-- \/ Yoast SEO plugin. -->","yoast_head_json":{"title":"Home-GLN - Famolde","robots":{"index":"index","follow":"follow","max-snippet":"max-snippet:-1","max-image-preview":"max-image-preview:large","max-video-preview":"max-video-preview:-1"},"canonical":"https:\/\/famolde.pt\/es\/","og_locale":"fr_FR","og_type":"article","og_title":"Home-GLN - Famolde","og_description":"[vc_row padding_top_multiplier=\u00a0\u00bb\u00a0\u00bb padding_bottom_multiplier=\u00a0\u00bb\u00a0\u00bb columns_gap=\u00a0\u00bbnone\u00a0\u00bb][vc_column][rev_slider_vc alias=\u00a0\u00bbgln-home\u00a0\u00bb][\/vc_column][\/vc_row][vc_row padding_top_multiplier=\u00a0\u00bb4x\u00a0\u00bb padding_bottom_multiplier=\u00a0\u00bb4x\u00a0\u00bb][vc_column][vc_column_text text_style=\u00a0\u00bbleader-text\u00a0\u00bb animation=\u00a0\u00bbgrve-fade-in-up\u00a0\u00bb css=\u00a0\u00bb.vc_custom_1568908944075{padding-right: 3vw !important;padding-left: 3vw !important;}\u00a0\u00bb] Des d\u00e9cennies d\u2019exp\u00e9rience dans la production et l\u2019innovation technologique constante nous d\u00e9finissent comme une soci\u00e9t\u00e9 dynamique. Notre ambition est d\u2019\u00eatre une entreprise mondiale et le leader de notre secteur d\u2019activit\u00e9, tant dans les moules techniques de haute pr\u00e9cision et performance que [&hellip;]","og_url":"https:\/\/famolde.pt\/es\/","og_site_name":"Famolde","article_modified_time":"2020-03-16T12:38:20+00:00","twitter_card":"summary_large_image","twitter_misc":{"Dur\u00e9e de lecture estim\u00e9e":"15 minutes"},"schema":{"@context":"https:\/\/schema.org","@graph":[{"@type":"WebSite","@id":"https:\/\/famolde.pt\/es\/#website","url":"https:\/\/famolde.pt\/es\/","name":"Famolde","description":"Molding the Future","potentialAction":[{"@type":"SearchAction","target":{"@type":"EntryPoint","urlTemplate":"https:\/\/famolde.pt\/es\/?s={search_term_string}"},"query-input":"required name=search_term_string"}],"inLanguage":"fr-FR"},{"@type":"WebPage","@id":"https:\/\/famolde.pt\/es\/#webpage","url":"https:\/\/famolde.pt\/es\/","name":"Home-GLN - Famolde","isPartOf":{"@id":"https:\/\/famolde.pt\/es\/#website"},"datePublished":"2017-10-26T08:47:03+00:00","dateModified":"2020-03-16T12:38:20+00:00","breadcrumb":{"@id":"https:\/\/famolde.pt\/es\/#breadcrumb"},"inLanguage":"fr-FR","potentialAction":[{"@type":"ReadAction","target":["https:\/\/famolde.pt\/es\/"]}]},{"@type":"BreadcrumbList","@id":"https:\/\/famolde.pt\/es\/#breadcrumb","itemListElement":[{"@type":"ListItem","position":1,"name":"In\u00edcio","item":"https:\/\/famolde.pt\/es\/"},{"@type":"ListItem","position":2,"name":"Home-GLN"}]}]}},"_links":{"self":[{"href":"https:\/\/famolde.pt\/fr\/wp-json\/wp\/v2\/pages\/234","targetHints":{"allow":["GET"]}}],"collection":[{"href":"https:\/\/famolde.pt\/fr\/wp-json\/wp\/v2\/pages"}],"about":[{"href":"https:\/\/famolde.pt\/fr\/wp-json\/wp\/v2\/types\/page"}],"author":[{"embeddable":true,"href":"https:\/\/famolde.pt\/fr\/wp-json\/wp\/v2\/users\/1"}],"replies":[{"embeddable":true,"href":"https:\/\/famolde.pt\/fr\/wp-json\/wp\/v2\/comments?post=234"}],"version-history":[{"count":211,"href":"https:\/\/famolde.pt\/fr\/wp-json\/wp\/v2\/pages\/234\/revisions"}],"predecessor-version":[{"id":17813,"href":"https:\/\/famolde.pt\/fr\/wp-json\/wp\/v2\/pages\/234\/revisions\/17813"}],"wp:attachment":[{"href":"https:\/\/famolde.pt\/fr\/wp-json\/wp\/v2\/media?parent=234"}],"curies":[{"name":"wp","href":"https:\/\/api.w.org\/{rel}","templated":true}]}}