{"id":17360,"date":"2018-10-19T08:15:20","date_gmt":"2018-10-19T08:15:20","guid":{"rendered":"http:\/\/dev-glnmolds.younik.pt\/?page_id=17360"},"modified":"2019-09-20T13:03:58","modified_gmt":"2019-09-20T13:03:58","slug":"tecnologias","status":"publish","type":"page","link":"https:\/\/famolde.pt\/fr\/tecnologias\/","title":{"rendered":"Technologies"},"content":{"rendered":"<p>[vc_row padding_top_multiplier=\u00a0\u00bb4x\u00a0\u00bb padding_bottom_multiplier=\u00a0\u00bb4x\u00a0\u00bb el_class=\u00a0\u00bbour-technologies\u00a0\u00bb][vc_column]<h2 class=\"grve-element grve-title grve-align-center grve-h2 h2-strong\" style=\"\"><span>Technologies<\/span><\/h2><div class=\"grve-empty-space\" style=\"height: 10px;\"><\/div>[vc_row_inner][vc_column_inner width=\u00a0\u00bb1\/3&Prime; el_class=\u00a0\u00bbcol-certificado\u00a0\u00bb]<div class=\"grve-element grve-carousel grve-layout-1\" style=\"\">  <div class=\"grve-carousel-wrapper\">    <div class=\"grve-carousel-element tecnologias-galeria\" data-items=\"1\" data-items-tablet-landscape=\"1\" data-items-tablet-portrait=\"1\" data-items-mobile=\"1\" data-slider-autoplay=\"no\" data-slider-speed=\"3000\" data-slider-pause=\"no\" data-pagination-speed=\"400\" data-pagination=\"yes\" data-slider-loop=\"yes\"><div class=\"grve-carousel-item grve-hover-item grve-hover-style-none\">  <figure class=\"grve-image-hover\">    <div class=\"grve-hover-overlay grve-bg-light grve-opacity-0\"><\/div><div class=\"grve-media\"><img loading=\"lazy\" decoding=\"async\" width=\"732\" height=\"412\" src=\"https:\/\/famolde.pt\/wp-content\/uploads\/Tecnologias-Insert-over-moulding-Famolde-min.jpg\" class=\"attachment-medium_large size-medium_large\" alt=\"\" srcset=\"https:\/\/famolde.pt\/wp-content\/uploads\/Tecnologias-Insert-over-moulding-Famolde-min.jpg 732w, https:\/\/famolde.pt\/wp-content\/uploads\/Tecnologias-Insert-over-moulding-Famolde-min-300x169.jpg 300w\" sizes=\"auto, (max-width: 732px) 100vw, 732px\" \/><\/div>  <\/figure><\/div>\t  <\/div>\t<\/div><\/div><div class=\"grve-empty-space grve-height-1x\" style=\"\"><\/div><h2 class=\"grve-element grve-title grve-align-left grve-h4 h4-strong-600\" style=\"margin-bottom: 10px;\"><span>Insert over moulding <\/span><\/h2>[vc_column_text text_style=\u00a0\u00bbleader-text\u00a0\u00bb]Ce processus (<em>insert over moulding<\/em>) permet d\u2019injecter une pi\u00e8ce en plastique avec des inserts m\u00e9talliques comme des vis, des rondelles ou tout autre composant, obtenant ainsi une pi\u00e8ce finale sans qu\u2019une finition humaine ne soit n\u00e9cessaire. Ces moules peuvent \u00eatre adapt\u00e9s \u00e0 des machines verticales (avec option 2 c\u00f4t\u00e9s d\u2019extraction) ou \u00e0 des machines horizontales.[\/vc_column_text][\/vc_column_inner][vc_column_inner width=\u00a0\u00bb1\/3&Prime; el_class=\u00a0\u00bbcol-certificado\u00a0\u00bb]<div class=\"grve-element grve-carousel grve-layout-1\" style=\"\">  <div class=\"grve-carousel-wrapper\">    <div class=\"grve-carousel-element tecnologias-galeria\" data-items=\"1\" data-items-tablet-landscape=\"1\" data-items-tablet-portrait=\"1\" data-items-mobile=\"1\" data-slider-autoplay=\"no\" data-slider-speed=\"3000\" data-slider-pause=\"no\" data-pagination-speed=\"400\" data-pagination=\"yes\" data-slider-loop=\"yes\"><div class=\"grve-carousel-item grve-hover-item grve-hover-style-none\">  <figure class=\"grve-image-hover\">    <div class=\"grve-hover-overlay grve-bg-light grve-opacity-0\"><\/div><div class=\"grve-media\"><img loading=\"lazy\" decoding=\"async\" width=\"732\" height=\"412\" src=\"https:\/\/famolde.pt\/wp-content\/uploads\/Tecnologias-multicavidades-Famolde-01-min.jpg\" class=\"attachment-medium_large size-medium_large\" alt=\"\" srcset=\"https:\/\/famolde.pt\/wp-content\/uploads\/Tecnologias-multicavidades-Famolde-01-min.jpg 732w, https:\/\/famolde.pt\/wp-content\/uploads\/Tecnologias-multicavidades-Famolde-01-min-300x169.jpg 300w\" sizes=\"auto, (max-width: 732px) 100vw, 732px\" \/><\/div>  <\/figure><\/div><div class=\"grve-carousel-item grve-hover-item grve-hover-style-none\">  <figure class=\"grve-image-hover\">    <div class=\"grve-hover-overlay grve-bg-light grve-opacity-0\"><\/div><div class=\"grve-media\"><img loading=\"lazy\" decoding=\"async\" width=\"732\" height=\"412\" src=\"https:\/\/famolde.pt\/wp-content\/uploads\/Tecnologias-multicavidades-Famolde-02-min.jpg\" class=\"attachment-medium_large size-medium_large\" alt=\"\" srcset=\"https:\/\/famolde.pt\/wp-content\/uploads\/Tecnologias-multicavidades-Famolde-02-min.jpg 732w, https:\/\/famolde.pt\/wp-content\/uploads\/Tecnologias-multicavidades-Famolde-02-min-300x169.jpg 300w\" sizes=\"auto, (max-width: 732px) 100vw, 732px\" \/><\/div>  <\/figure><\/div><div class=\"grve-carousel-item grve-hover-item grve-hover-style-none\">  <figure class=\"grve-image-hover\">    <div class=\"grve-hover-overlay grve-bg-light grve-opacity-0\"><\/div><div class=\"grve-media\"><img loading=\"lazy\" decoding=\"async\" width=\"732\" height=\"412\" src=\"https:\/\/famolde.pt\/wp-content\/uploads\/Tecnologias-multicavidades-Famolde-03-min.jpg\" class=\"attachment-medium_large size-medium_large\" alt=\"\" srcset=\"https:\/\/famolde.pt\/wp-content\/uploads\/Tecnologias-multicavidades-Famolde-03-min.jpg 732w, https:\/\/famolde.pt\/wp-content\/uploads\/Tecnologias-multicavidades-Famolde-03-min-300x169.jpg 300w\" sizes=\"auto, (max-width: 732px) 100vw, 732px\" \/><\/div>  <\/figure><\/div><div class=\"grve-carousel-item grve-hover-item grve-hover-style-none\">  <figure class=\"grve-image-hover\">    <div class=\"grve-hover-overlay grve-bg-light grve-opacity-0\"><\/div><div class=\"grve-media\"><img loading=\"lazy\" decoding=\"async\" width=\"732\" height=\"412\" src=\"https:\/\/famolde.pt\/wp-content\/uploads\/Tecnologias-multicavidades-Famolde-04-min.jpg\" class=\"attachment-medium_large size-medium_large\" alt=\"\" srcset=\"https:\/\/famolde.pt\/wp-content\/uploads\/Tecnologias-multicavidades-Famolde-04-min.jpg 732w, https:\/\/famolde.pt\/wp-content\/uploads\/Tecnologias-multicavidades-Famolde-04-min-300x169.jpg 300w\" sizes=\"auto, (max-width: 732px) 100vw, 732px\" \/><\/div>  <\/figure><\/div>\t  <\/div>\t<\/div><\/div><div class=\"grve-empty-space grve-height-1x\" style=\"\"><\/div><h2 class=\"grve-element grve-title grve-align-left grve-h4 h4-strong-600\" style=\"margin-bottom: 10px;\"><span>MOULES TECHNIQUES DE HAUTE PR\u00c9CISION (MULTICAVIT\u00c9S)<\/span><\/h2>[vc_column_text text_style=\u00a0\u00bbleader-text\u00a0\u00bb]Lorsque la demande est de produire un article en s\u00e9rie, l\u2019option passe par la conception de moules multicavit\u00e9s. Habituellement, ces moules sont construits avec une optimisation des cycles de production afin d\u2019obtenir le plus grand nombre de pi\u00e8ces dans les meilleurs d\u00e9lais.[\/vc_column_text][\/vc_column_inner][vc_column_inner width=\u00a0\u00bb1\/3&Prime; el_class=\u00a0\u00bbcol-certificado\u00a0\u00bb]<div class=\"grve-element grve-carousel grve-layout-1\" style=\"\">  <div class=\"grve-carousel-wrapper\">    <div class=\"grve-carousel-element tecnologias-galeria\" data-items=\"1\" data-items-tablet-landscape=\"1\" data-items-tablet-portrait=\"1\" data-items-mobile=\"1\" data-slider-autoplay=\"no\" data-slider-speed=\"3000\" data-slider-pause=\"no\" data-pagination-speed=\"400\" data-pagination=\"yes\" data-slider-loop=\"yes\"><div class=\"grve-carousel-item grve-hover-item grve-hover-style-none\">  <figure class=\"grve-image-hover\">    <div class=\"grve-hover-overlay grve-bg-light grve-opacity-0\"><\/div><div class=\"grve-media\"><img loading=\"lazy\" decoding=\"async\" width=\"732\" height=\"412\" src=\"https:\/\/famolde.pt\/wp-content\/uploads\/Tecnologias-fabrico-aditivo-Famolde-01-min.jpg\" class=\"attachment-medium_large size-medium_large\" alt=\"\" srcset=\"https:\/\/famolde.pt\/wp-content\/uploads\/Tecnologias-fabrico-aditivo-Famolde-01-min.jpg 732w, https:\/\/famolde.pt\/wp-content\/uploads\/Tecnologias-fabrico-aditivo-Famolde-01-min-300x169.jpg 300w\" sizes=\"auto, (max-width: 732px) 100vw, 732px\" \/><\/div>  <\/figure><\/div><div class=\"grve-carousel-item grve-hover-item grve-hover-style-none\">  <figure class=\"grve-image-hover\">    <div class=\"grve-hover-overlay grve-bg-light grve-opacity-0\"><\/div><div class=\"grve-media\"><img loading=\"lazy\" decoding=\"async\" width=\"732\" height=\"412\" src=\"https:\/\/famolde.pt\/wp-content\/uploads\/Tecnologias-fabrico-aditivo-Famolde-02-min.jpg\" class=\"attachment-medium_large size-medium_large\" alt=\"\" srcset=\"https:\/\/famolde.pt\/wp-content\/uploads\/Tecnologias-fabrico-aditivo-Famolde-02-min.jpg 732w, https:\/\/famolde.pt\/wp-content\/uploads\/Tecnologias-fabrico-aditivo-Famolde-02-min-300x169.jpg 300w\" sizes=\"auto, (max-width: 732px) 100vw, 732px\" \/><\/div>  <\/figure><\/div>\t  <\/div>\t<\/div><\/div><div class=\"grve-empty-space grve-height-1x\" style=\"\"><\/div><h2 class=\"grve-element grve-title grve-align-left grve-h4 h4-strong-600\" style=\"margin-bottom: 10px;\"><span>FABRICATION D&rsquo;ADDITIF<\/span><\/h2>[vc_column_text text_style=\u00a0\u00bbleader-text\u00a0\u00bb]La fabrication additive (FM) est une technologie de production qui permet de produire des pi\u00e8ces de forme complexe \u00e0 partir de donn\u00e9es num\u00e9riques, r\u00e9pondant aux demandes du march\u00e9 en g\u00e9n\u00e9rant des solutions rapides et en fournissant des produits innovants aux caract\u00e9ristiques m\u00e9caniques et fonctionnelles similaires \u00e0 celles obtenues par les processus d\u00e9finitifs, avec une grande libert\u00e9 dans la g\u00e9om\u00e9trie et la s\u00e9lection des mat\u00e9riaux, et avec des avantages significatifs en termes de flexibilit\u00e9, de qualit\u00e9 et de co\u00fbt de production.[\/vc_column_text][\/vc_column_inner][\/vc_row_inner][vc_row_inner][vc_column_inner mobile_width=\u00a0\u00bbhide\u00a0\u00bb]<div class=\"grve-empty-space grve-height-1x\" style=\"\"><\/div>[\/vc_column_inner][\/vc_row_inner][\/vc_column][\/vc_row]<\/p>","protected":false},"excerpt":{"rendered":"<p>[vc_row padding_top_multiplier=\u00a0\u00bb4x\u00a0\u00bb padding_bottom_multiplier=\u00a0\u00bb4x\u00a0\u00bb el_class=\u00a0\u00bbour-technologies\u00a0\u00bb][vc_column][vc_row_inner][vc_column_inner width=\u00a0\u00bb1\/3&Prime; el_class=\u00a0\u00bbcol-certificado\u00a0\u00bb][vc_column_text text_style=\u00a0\u00bbleader-text\u00a0\u00bb]Ce processus (insert over moulding) permet d\u2019injecter une pi\u00e8ce en plastique avec des inserts m\u00e9talliques comme des vis, des rondelles ou tout autre composant, obtenant ainsi une pi\u00e8ce finale sans qu\u2019une finition humaine ne soit n\u00e9cessaire. Ces moules peuvent \u00eatre adapt\u00e9s \u00e0 des machines verticales (avec option 2 c\u00f4t\u00e9s [&hellip;]<\/p>\n","protected":false},"author":1,"featured_media":0,"parent":0,"menu_order":0,"comment_status":"closed","ping_status":"closed","template":"","meta":{"footnotes":""},"class_list":["post-17360","page","type-page","status-publish","hentry"],"yoast_head":"<!-- This site is optimized with the Yoast SEO plugin v18.5.1 - https:\/\/yoast.com\/wordpress\/plugins\/seo\/ -->\n<title>Technologies - Famolde<\/title>\n<meta name=\"robots\" content=\"index, follow, max-snippet:-1, max-image-preview:large, max-video-preview:-1\" \/>\n<link rel=\"canonical\" href=\"https:\/\/famolde.pt\/en\/tecnologias\/\" \/>\n<meta property=\"og:locale\" content=\"fr_FR\" \/>\n<meta property=\"og:type\" content=\"article\" \/>\n<meta property=\"og:title\" content=\"Technologies - Famolde\" \/>\n<meta property=\"og:description\" content=\"[vc_row padding_top_multiplier=\u00a0\u00bb4x\u00a0\u00bb padding_bottom_multiplier=\u00a0\u00bb4x\u00a0\u00bb el_class=\u00a0\u00bbour-technologies\u00a0\u00bb][vc_column][vc_row_inner][vc_column_inner width=\u00a0\u00bb1\/3&Prime; el_class=\u00a0\u00bbcol-certificado\u00a0\u00bb][vc_column_text text_style=\u00a0\u00bbleader-text\u00a0\u00bb]Ce processus (insert over moulding) permet d\u2019injecter une pi\u00e8ce en plastique avec des inserts m\u00e9talliques comme des vis, des rondelles ou tout autre composant, obtenant ainsi une pi\u00e8ce finale sans qu\u2019une finition humaine ne soit n\u00e9cessaire. Ces moules peuvent \u00eatre adapt\u00e9s \u00e0 des machines verticales (avec option 2 c\u00f4t\u00e9s [&hellip;]\" \/>\n<meta property=\"og:url\" content=\"https:\/\/famolde.pt\/en\/tecnologias\/\" \/>\n<meta property=\"og:site_name\" content=\"Famolde\" \/>\n<meta property=\"article:modified_time\" content=\"2019-09-20T13:03:58+00:00\" \/>\n<meta name=\"twitter:card\" content=\"summary_large_image\" \/>\n<meta name=\"twitter:label1\" content=\"Dur\u00e9e de lecture estim\u00e9e\" \/>\n\t<meta name=\"twitter:data1\" content=\"12 minutes\" \/>\n<script type=\"application\/ld+json\" class=\"yoast-schema-graph\">{\"@context\":\"https:\/\/schema.org\",\"@graph\":[{\"@type\":\"WebSite\",\"@id\":\"https:\/\/famolde.pt\/es\/#website\",\"url\":\"https:\/\/famolde.pt\/es\/\",\"name\":\"Famolde\",\"description\":\"Molding the Future\",\"potentialAction\":[{\"@type\":\"SearchAction\",\"target\":{\"@type\":\"EntryPoint\",\"urlTemplate\":\"https:\/\/famolde.pt\/es\/?s={search_term_string}\"},\"query-input\":\"required name=search_term_string\"}],\"inLanguage\":\"fr-FR\"},{\"@type\":\"WebPage\",\"@id\":\"https:\/\/famolde.pt\/en\/tecnologias\/#webpage\",\"url\":\"https:\/\/famolde.pt\/en\/tecnologias\/\",\"name\":\"Technologies - Famolde\",\"isPartOf\":{\"@id\":\"https:\/\/famolde.pt\/es\/#website\"},\"datePublished\":\"2018-10-19T08:15:20+00:00\",\"dateModified\":\"2019-09-20T13:03:58+00:00\",\"breadcrumb\":{\"@id\":\"https:\/\/famolde.pt\/en\/tecnologias\/#breadcrumb\"},\"inLanguage\":\"fr-FR\",\"potentialAction\":[{\"@type\":\"ReadAction\",\"target\":[\"https:\/\/famolde.pt\/en\/tecnologias\/\"]}]},{\"@type\":\"BreadcrumbList\",\"@id\":\"https:\/\/famolde.pt\/en\/tecnologias\/#breadcrumb\",\"itemListElement\":[{\"@type\":\"ListItem\",\"position\":1,\"name\":\"In\u00edcio\",\"item\":\"https:\/\/famolde.pt\/es\/\"},{\"@type\":\"ListItem\",\"position\":2,\"name\":\"Technologies\"}]}]}<\/script>\n<!-- \/ Yoast SEO plugin. -->","yoast_head_json":{"title":"Technologies - Famolde","robots":{"index":"index","follow":"follow","max-snippet":"max-snippet:-1","max-image-preview":"max-image-preview:large","max-video-preview":"max-video-preview:-1"},"canonical":"https:\/\/famolde.pt\/en\/tecnologias\/","og_locale":"fr_FR","og_type":"article","og_title":"Technologies - Famolde","og_description":"[vc_row padding_top_multiplier=\u00a0\u00bb4x\u00a0\u00bb padding_bottom_multiplier=\u00a0\u00bb4x\u00a0\u00bb el_class=\u00a0\u00bbour-technologies\u00a0\u00bb][vc_column][vc_row_inner][vc_column_inner width=\u00a0\u00bb1\/3&Prime; el_class=\u00a0\u00bbcol-certificado\u00a0\u00bb][vc_column_text text_style=\u00a0\u00bbleader-text\u00a0\u00bb]Ce processus (insert over moulding) permet d\u2019injecter une pi\u00e8ce en plastique avec des inserts m\u00e9talliques comme des vis, des rondelles ou tout autre composant, obtenant ainsi une pi\u00e8ce finale sans qu\u2019une finition humaine ne soit n\u00e9cessaire. Ces moules peuvent \u00eatre adapt\u00e9s \u00e0 des machines verticales (avec option 2 c\u00f4t\u00e9s [&hellip;]","og_url":"https:\/\/famolde.pt\/en\/tecnologias\/","og_site_name":"Famolde","article_modified_time":"2019-09-20T13:03:58+00:00","twitter_card":"summary_large_image","twitter_misc":{"Dur\u00e9e de lecture estim\u00e9e":"12 minutes"},"schema":{"@context":"https:\/\/schema.org","@graph":[{"@type":"WebSite","@id":"https:\/\/famolde.pt\/es\/#website","url":"https:\/\/famolde.pt\/es\/","name":"Famolde","description":"Molding the Future","potentialAction":[{"@type":"SearchAction","target":{"@type":"EntryPoint","urlTemplate":"https:\/\/famolde.pt\/es\/?s={search_term_string}"},"query-input":"required name=search_term_string"}],"inLanguage":"fr-FR"},{"@type":"WebPage","@id":"https:\/\/famolde.pt\/en\/tecnologias\/#webpage","url":"https:\/\/famolde.pt\/en\/tecnologias\/","name":"Technologies - Famolde","isPartOf":{"@id":"https:\/\/famolde.pt\/es\/#website"},"datePublished":"2018-10-19T08:15:20+00:00","dateModified":"2019-09-20T13:03:58+00:00","breadcrumb":{"@id":"https:\/\/famolde.pt\/en\/tecnologias\/#breadcrumb"},"inLanguage":"fr-FR","potentialAction":[{"@type":"ReadAction","target":["https:\/\/famolde.pt\/en\/tecnologias\/"]}]},{"@type":"BreadcrumbList","@id":"https:\/\/famolde.pt\/en\/tecnologias\/#breadcrumb","itemListElement":[{"@type":"ListItem","position":1,"name":"In\u00edcio","item":"https:\/\/famolde.pt\/es\/"},{"@type":"ListItem","position":2,"name":"Technologies"}]}]}},"_links":{"self":[{"href":"https:\/\/famolde.pt\/fr\/wp-json\/wp\/v2\/pages\/17360","targetHints":{"allow":["GET"]}}],"collection":[{"href":"https:\/\/famolde.pt\/fr\/wp-json\/wp\/v2\/pages"}],"about":[{"href":"https:\/\/famolde.pt\/fr\/wp-json\/wp\/v2\/types\/page"}],"author":[{"embeddable":true,"href":"https:\/\/famolde.pt\/fr\/wp-json\/wp\/v2\/users\/1"}],"replies":[{"embeddable":true,"href":"https:\/\/famolde.pt\/fr\/wp-json\/wp\/v2\/comments?post=17360"}],"version-history":[{"count":52,"href":"https:\/\/famolde.pt\/fr\/wp-json\/wp\/v2\/pages\/17360\/revisions"}],"predecessor-version":[{"id":17771,"href":"https:\/\/famolde.pt\/fr\/wp-json\/wp\/v2\/pages\/17360\/revisions\/17771"}],"wp:attachment":[{"href":"https:\/\/famolde.pt\/fr\/wp-json\/wp\/v2\/media?parent=17360"}],"curies":[{"name":"wp","href":"https:\/\/api.w.org\/{rel}","templated":true}]}}