{"id":14724,"date":"2016-10-10T06:05:08","date_gmt":"2016-10-10T06:05:08","guid":{"rendered":"http:\/\/dev-gln.younik.pt\/about-me-ii\/"},"modified":"2025-11-07T16:29:29","modified_gmt":"2025-11-07T16:29:29","slug":"about-famolde","status":"publish","type":"page","link":"https:\/\/famolde.pt\/fr\/about-famolde\/","title":{"rendered":"Au sujet"},"content":{"rendered":"<p>[vc_row padding_top_multiplier=\u00a0\u00bb4x\u00a0\u00bb padding_bottom_multiplier=\u00a0\u00bb4x\u00a0\u00bb][vc_column]<h2 class=\"grve-element grve-title grve-align-center grve-h2 h2-strong\" style=\"\"><span>Famolde<\/span><\/h2>[vc_column_text text_style=\u00a0\u00bbleader-text\u00a0\u00bb]<\/p>\n<p style=\"text-align: center;\">Somos uma equipa de profissionais especializados na\u00a0conce\u00e7\u00e3o\u00a0e produ\u00e7\u00e3o de moldes de pequena e m\u00e9dia dimens\u00e3o de elevado rigor t\u00e9cnico.<br \/>\nActuamos na industria electr\u00f3nica, autom\u00f3vel, e biom\u00e9dica na exporta\u00e7\u00e3o e na internacionaliza\u00e7\u00e3o.<\/p>\n<p style=\"text-align: center;\">Somos reconhecidos internacionalmente como um dos produtores de moldes de refer\u00eancia, propondo a cada momento as melhores solu\u00e7\u00f5es de concep\u00e7\u00e3o e processo de fabrico.<\/p>\n<p style=\"text-align: center;\">Realizamos um investimento cont\u00ednuo em unidades de produ\u00e7\u00e3o mais eficientes e tecnologicamente avan\u00e7adas, conjugado \u00e0 experi\u00eancia e Know-how alcan\u00e7ado em mais de 30 anos de presen\u00e7a no mercado.<\/p>\n<p style=\"text-align: center;\">Aplicamos todos os nossos esfor\u00e7os na promo\u00e7\u00e3o de processos de melhoria cont\u00ednua, apostando na qualifica\u00e7\u00e3o t\u00e9cnica dos nossos colaboradores e na constante atualiza\u00e7\u00e3o dos meios de produ\u00e7\u00e3o e comunica\u00e7\u00e3o adequados \u00e0s mais exigentes e estimulantes solicita\u00e7\u00f5es do mercado.<\/p>\n<p style=\"text-align: center;\">A 1 de Julho de 2016, a GLN, empresa do Grupo Manuel Champalimaud, concluiu a aquisi\u00e7\u00e3o da Famolde.<br \/>\nCom esta aquisi\u00e7\u00e3o, a Famolde\u00a0passa a integrar a estrutura organizacional da GLN.[\/vc_column_text][\/vc_column][\/vc_row][vc_row bg_type=\u00a0\u00bbcolor\u00a0\u00bb padding_top_multiplier=\u00a0\u00bb4x\u00a0\u00bb padding_bottom_multiplier=\u00a0\u00bb4x\u00a0\u00bb bg_color=\u00a0\u00bb#f3f3f3&Prime;][vc_column]<h2 class=\"grve-element grve-title grve-align-center grve-h2\" style=\"\"><span>Certificados<\/span><\/h2><div class=\"grve-empty-space\" style=\"height: 10px;\"><\/div>[\/vc_column][vc_column][vc_row_inner][vc_column_inner width=\u00a0\u00bb1\/4&Prime; el_class=\u00a0\u00bbcol-certificado\u00a0\u00bb]<div class=\"grve-element grve-image grve-align-center\" style=\"\">  <div class=\"grve-image-wrapper\"><img loading=\"lazy\" decoding=\"async\" width=\"399\" height=\"214\" src=\"https:\/\/famolde.pt\/wp-content\/uploads\/Certificado-ISO-9001.png\" class=\"attachment-full size-full\" alt=\"\" srcset=\"https:\/\/famolde.pt\/wp-content\/uploads\/Certificado-ISO-9001.png 399w, https:\/\/famolde.pt\/wp-content\/uploads\/Certificado-ISO-9001-300x161.png 300w\" sizes=\"auto, (max-width: 399px) 100vw, 399px\" \/>   <\/div><\/div><h4 class=\"grve-element grve-title grve-align-left grve-h4 h4-strong-600\" style=\"margin-bottom: 10px;\"><span>ISO 9001:2015<\/span><\/h4>[vc_column_text css=\u00a0\u00bb.vc_custom_1624986025823{margin-top: 0px !important;}\u00a0\u00bb]<\/p>\n<h6><\/h6>\n<h6>\u00c2mbito da certifica\u00e7\u00e3o<\/h6>\n<p>[\/vc_column_text][vc_column_text text_style=\u00a0\u00bbleader-text\u00a0\u00bb]Concep\u00e7\u00e3o e fabrica\u00e7\u00e3o de moldes para a ind\u00fastria de pl\u00e1sticos.[\/vc_column_text][\/vc_column_inner][vc_column_inner width=\u00a0\u00bb1\/4&Prime; el_class=\u00a0\u00bbcol-certificado\u00a0\u00bb][\/vc_column_inner][vc_column_inner width=\u00a0\u00bb1\/4&Prime; el_class=\u00a0\u00bbcol-certificado\u00a0\u00bb][\/vc_column_inner][vc_column_inner width=\u00a0\u00bb1\/4&Prime; el_class=\u00a0\u00bbcol-certificado\u00a0\u00bb][\/vc_column_inner][\/vc_row_inner][\/vc_column][\/vc_row]<\/p>\n","protected":false},"excerpt":{"rendered":"<p>[vc_row padding_top_multiplier=\u00a0\u00bb4x\u00a0\u00bb padding_bottom_multiplier=\u00a0\u00bb4x\u00a0\u00bb][vc_column][vc_column_text text_style=\u00a0\u00bbleader-text\u00a0\u00bb] Somos uma equipa de profissionais especializados na\u00a0conce\u00e7\u00e3o\u00a0e produ\u00e7\u00e3o de moldes de pequena e m\u00e9dia dimens\u00e3o de elevado rigor t\u00e9cnico. Actuamos na industria electr\u00f3nica, autom\u00f3vel, e biom\u00e9dica na exporta\u00e7\u00e3o e na internacionaliza\u00e7\u00e3o. Somos reconhecidos internacionalmente como um dos produtores de moldes de refer\u00eancia, propondo a cada momento as melhores solu\u00e7\u00f5es de concep\u00e7\u00e3o [&hellip;]<\/p>\n","protected":false},"author":1,"featured_media":0,"parent":0,"menu_order":0,"comment_status":"closed","ping_status":"closed","template":"","meta":{"footnotes":""},"class_list":["post-14724","page","type-page","status-publish","hentry"],"yoast_head":"<!-- This site is optimized with the Yoast SEO plugin v18.5.1 - https:\/\/yoast.com\/wordpress\/plugins\/seo\/ -->\n<title>Au sujet - Famolde<\/title>\n<meta name=\"robots\" content=\"index, follow, max-snippet:-1, max-image-preview:large, max-video-preview:-1\" \/>\n<link rel=\"canonical\" href=\"https:\/\/famolde.pt\/about-famolde\/\" \/>\n<meta property=\"og:locale\" content=\"fr_FR\" \/>\n<meta property=\"og:type\" content=\"article\" \/>\n<meta property=\"og:title\" content=\"Au sujet - Famolde\" \/>\n<meta property=\"og:description\" content=\"[vc_row padding_top_multiplier=\u00a0\u00bb4x\u00a0\u00bb padding_bottom_multiplier=\u00a0\u00bb4x\u00a0\u00bb][vc_column][vc_column_text text_style=\u00a0\u00bbleader-text\u00a0\u00bb] Somos uma equipa de profissionais especializados na\u00a0conce\u00e7\u00e3o\u00a0e produ\u00e7\u00e3o de moldes de pequena e m\u00e9dia dimens\u00e3o de elevado rigor t\u00e9cnico. Actuamos na industria electr\u00f3nica, autom\u00f3vel, e biom\u00e9dica na exporta\u00e7\u00e3o e na internacionaliza\u00e7\u00e3o. Somos reconhecidos internacionalmente como um dos produtores de moldes de refer\u00eancia, propondo a cada momento as melhores solu\u00e7\u00f5es de concep\u00e7\u00e3o [&hellip;]\" \/>\n<meta property=\"og:url\" content=\"https:\/\/famolde.pt\/about-famolde\/\" \/>\n<meta property=\"og:site_name\" content=\"Famolde\" \/>\n<meta property=\"article:modified_time\" content=\"2025-11-07T16:29:29+00:00\" \/>\n<meta name=\"twitter:card\" content=\"summary_large_image\" \/>\n<meta name=\"twitter:label1\" content=\"Dur\u00e9e de lecture estim\u00e9e\" \/>\n\t<meta name=\"twitter:data1\" content=\"2 minutes\" \/>\n<script type=\"application\/ld+json\" class=\"yoast-schema-graph\">{\"@context\":\"https:\/\/schema.org\",\"@graph\":[{\"@type\":\"WebSite\",\"@id\":\"https:\/\/famolde.pt\/es\/#website\",\"url\":\"https:\/\/famolde.pt\/es\/\",\"name\":\"Famolde\",\"description\":\"Molding the Future\",\"potentialAction\":[{\"@type\":\"SearchAction\",\"target\":{\"@type\":\"EntryPoint\",\"urlTemplate\":\"https:\/\/famolde.pt\/es\/?s={search_term_string}\"},\"query-input\":\"required name=search_term_string\"}],\"inLanguage\":\"fr-FR\"},{\"@type\":\"WebPage\",\"@id\":\"https:\/\/famolde.pt\/about-famolde\/#webpage\",\"url\":\"https:\/\/famolde.pt\/about-famolde\/\",\"name\":\"Au sujet - Famolde\",\"isPartOf\":{\"@id\":\"https:\/\/famolde.pt\/es\/#website\"},\"datePublished\":\"2016-10-10T06:05:08+00:00\",\"dateModified\":\"2025-11-07T16:29:29+00:00\",\"breadcrumb\":{\"@id\":\"https:\/\/famolde.pt\/about-famolde\/#breadcrumb\"},\"inLanguage\":\"fr-FR\",\"potentialAction\":[{\"@type\":\"ReadAction\",\"target\":[\"https:\/\/famolde.pt\/about-famolde\/\"]}]},{\"@type\":\"BreadcrumbList\",\"@id\":\"https:\/\/famolde.pt\/about-famolde\/#breadcrumb\",\"itemListElement\":[{\"@type\":\"ListItem\",\"position\":1,\"name\":\"In\u00edcio\",\"item\":\"https:\/\/famolde.pt\/es\/\"},{\"@type\":\"ListItem\",\"position\":2,\"name\":\"[:pt]Sobre[:en]About[:de]\u00dcber [:fr]Au sujet [:es]Sobre[:]\"}]}]}<\/script>\n<!-- \/ Yoast SEO plugin. -->","yoast_head_json":{"title":"Au sujet - Famolde","robots":{"index":"index","follow":"follow","max-snippet":"max-snippet:-1","max-image-preview":"max-image-preview:large","max-video-preview":"max-video-preview:-1"},"canonical":"https:\/\/famolde.pt\/about-famolde\/","og_locale":"fr_FR","og_type":"article","og_title":"Au sujet - Famolde","og_description":"[vc_row padding_top_multiplier=\u00a0\u00bb4x\u00a0\u00bb padding_bottom_multiplier=\u00a0\u00bb4x\u00a0\u00bb][vc_column][vc_column_text text_style=\u00a0\u00bbleader-text\u00a0\u00bb] Somos uma equipa de profissionais especializados na\u00a0conce\u00e7\u00e3o\u00a0e produ\u00e7\u00e3o de moldes de pequena e m\u00e9dia dimens\u00e3o de elevado rigor t\u00e9cnico. Actuamos na industria electr\u00f3nica, autom\u00f3vel, e biom\u00e9dica na exporta\u00e7\u00e3o e na internacionaliza\u00e7\u00e3o. Somos reconhecidos internacionalmente como um dos produtores de moldes de refer\u00eancia, propondo a cada momento as melhores solu\u00e7\u00f5es de concep\u00e7\u00e3o [&hellip;]","og_url":"https:\/\/famolde.pt\/about-famolde\/","og_site_name":"Famolde","article_modified_time":"2025-11-07T16:29:29+00:00","twitter_card":"summary_large_image","twitter_misc":{"Dur\u00e9e de lecture estim\u00e9e":"2 minutes"},"schema":{"@context":"https:\/\/schema.org","@graph":[{"@type":"WebSite","@id":"https:\/\/famolde.pt\/es\/#website","url":"https:\/\/famolde.pt\/es\/","name":"Famolde","description":"Molding the Future","potentialAction":[{"@type":"SearchAction","target":{"@type":"EntryPoint","urlTemplate":"https:\/\/famolde.pt\/es\/?s={search_term_string}"},"query-input":"required name=search_term_string"}],"inLanguage":"fr-FR"},{"@type":"WebPage","@id":"https:\/\/famolde.pt\/about-famolde\/#webpage","url":"https:\/\/famolde.pt\/about-famolde\/","name":"Au sujet - Famolde","isPartOf":{"@id":"https:\/\/famolde.pt\/es\/#website"},"datePublished":"2016-10-10T06:05:08+00:00","dateModified":"2025-11-07T16:29:29+00:00","breadcrumb":{"@id":"https:\/\/famolde.pt\/about-famolde\/#breadcrumb"},"inLanguage":"fr-FR","potentialAction":[{"@type":"ReadAction","target":["https:\/\/famolde.pt\/about-famolde\/"]}]},{"@type":"BreadcrumbList","@id":"https:\/\/famolde.pt\/about-famolde\/#breadcrumb","itemListElement":[{"@type":"ListItem","position":1,"name":"In\u00edcio","item":"https:\/\/famolde.pt\/es\/"},{"@type":"ListItem","position":2,"name":"[:pt]Sobre[:en]About[:de]\u00dcber [:fr]Au sujet [:es]Sobre[:]"}]}]}},"_links":{"self":[{"href":"https:\/\/famolde.pt\/fr\/wp-json\/wp\/v2\/pages\/14724","targetHints":{"allow":["GET"]}}],"collection":[{"href":"https:\/\/famolde.pt\/fr\/wp-json\/wp\/v2\/pages"}],"about":[{"href":"https:\/\/famolde.pt\/fr\/wp-json\/wp\/v2\/types\/page"}],"author":[{"embeddable":true,"href":"https:\/\/famolde.pt\/fr\/wp-json\/wp\/v2\/users\/1"}],"replies":[{"embeddable":true,"href":"https:\/\/famolde.pt\/fr\/wp-json\/wp\/v2\/comments?post=14724"}],"version-history":[{"count":160,"href":"https:\/\/famolde.pt\/fr\/wp-json\/wp\/v2\/pages\/14724\/revisions"}],"predecessor-version":[{"id":17903,"href":"https:\/\/famolde.pt\/fr\/wp-json\/wp\/v2\/pages\/14724\/revisions\/17903"}],"wp:attachment":[{"href":"https:\/\/famolde.pt\/fr\/wp-json\/wp\/v2\/media?parent=14724"}],"curies":[{"name":"wp","href":"https:\/\/api.w.org\/{rel}","templated":true}]}}